{"id":129,"date":"2025-04-10T07:37:24","date_gmt":"2025-04-10T05:37:24","guid":{"rendered":"https:\/\/bkolacz.eu\/?page_id=129"},"modified":"2026-02-24T14:07:53","modified_gmt":"2026-02-24T13:07:53","slug":"cargether-2","status":"publish","type":"page","link":"https:\/\/bkolacz.eu\/?page_id=129","title":{"rendered":"CARGETHER \u2013 The All-in-One App for Car Enthusiasts"},"content":{"rendered":"\n<p><strong>CARGETHER is an app made for car enthusiasts<\/strong> \u2013 fans of rallies, car meets, and unique automotive spots. Its goal is to make it easier to find exciting events, share experiences, and build a community of people united by the same passion.<\/p>\n\n\n\n<p><strong>What does CARGETHER offer?<\/strong><\/p>\n\n\n\n<p>\ud83d\udccd <strong>Event map<\/strong> \u2013 discover rallies, car meets, and events near you<br>\ud83d\udcac <strong>Passionate community<\/strong> \u2013 share experiences and discover new places<br>\ud83c\udfc1 <strong>Your favorite spots<\/strong> \u2013 add and rate automotive locations<\/p>\n\n\n\n<p>Whether you&#8217;re a driver, a visitor, or an organizer \u2013 <strong>CARGETHER makes it easier to access the world of car culture.<\/strong><br>Join us and become part of this unique community! \ud83d\ude80\ud83d\udd25<\/p>\n\n\n\n<div class=\"wp-block-buttons is-content-justification-center is-layout-flex wp-container-core-buttons-is-layout-a89b3969 wp-block-buttons-is-layout-flex\">\n<div class=\"wp-block-button\"><a class=\"wp-block-button__link wp-element-button\" href=\"https:\/\/bkolacz.eu\/?page_id=91\"><strong>POLSKI<\/strong><\/a><\/div>\n\n\n\n<div class=\"wp-block-button\"><a class=\"wp-block-button__link wp-element-button\" href=\"https:\/\/bkolacz.eu\/?page_id=144\"><strong>DEUTSCH<\/strong><\/a><\/div>\n\n\n\n<div class=\"wp-block-button\"><a class=\"wp-block-button__link wp-element-button\" href=\"https:\/\/bkolacz.eu\/?page_id=150\"><strong>\u010cE\u0160TIN\u011a<\/strong><\/a><\/div>\n<\/div>\n\n\n\n<div style=\"height:30px\" aria-hidden=\"true\" class=\"wp-block-spacer\"><\/div>\n\n\n\n<div class=\"wp-block-buttons is-content-justification-center is-layout-flex wp-container-core-buttons-is-layout-a89b3969 wp-block-buttons-is-layout-flex\">\n<div class=\"wp-block-button\"><a class=\"wp-block-button__link wp-element-button\" href=\"https:\/\/apple.co\/3GKNUZI\" target=\"_blank\" rel=\"noreferrer noopener\">DOWNLOAD iOS<\/a><\/div>\n\n\n\n<div class=\"wp-block-button\"><a class=\"wp-block-button__link wp-element-button\" href=\"http:\/\/cargether.com\" target=\"_blank\" rel=\"noreferrer noopener\">CARGETHER WEB<\/a><\/div>\n\n\n\n<div class=\"wp-block-button\"><a class=\"wp-block-button__link wp-element-button\" href=\"https:\/\/play.google.com\/store\/apps\/details?id=bkolacz.eu&amp;hl=en\" target=\"_blank\" rel=\"noreferrer noopener\">DOWNLOAD ANDROID<\/a><\/div>\n<\/div>\n\n\n\n<div style=\"height:40px\" aria-hidden=\"true\" class=\"wp-block-spacer\"><\/div>\n\n\n\n<figure class=\"wp-block-gallery has-nested-images columns-default is-cropped wp-block-gallery-1 is-layout-flex wp-block-gallery-is-layout-flex\">\n<figure class=\"wp-block-image size-large\"><img loading=\"lazy\" decoding=\"async\" width=\"1024\" height=\"768\" data-id=\"102\" src=\"https:\/\/bkolacz.eu\/wp-content\/uploads\/2025\/03\/POST4-1024x768.png\" alt=\"\" class=\"wp-image-102\" srcset=\"https:\/\/bkolacz.eu\/wp-content\/uploads\/2025\/03\/POST4-1024x768.png 1024w, https:\/\/bkolacz.eu\/wp-content\/uploads\/2025\/03\/POST4-300x225.png 300w, https:\/\/bkolacz.eu\/wp-content\/uploads\/2025\/03\/POST4-2000x1500.png 2000w\" sizes=\"auto, (max-width: 1024px) 100vw, 1024px\" \/><\/figure>\n\n\n\n<figure class=\"wp-block-image size-large\"><img loading=\"lazy\" decoding=\"async\" width=\"1024\" height=\"768\" data-id=\"103\" src=\"https:\/\/bkolacz.eu\/wp-content\/uploads\/2025\/03\/POST5-1024x768.png\" alt=\"\" class=\"wp-image-103\" srcset=\"https:\/\/bkolacz.eu\/wp-content\/uploads\/2025\/03\/POST5-1024x768.png 1024w, https:\/\/bkolacz.eu\/wp-content\/uploads\/2025\/03\/POST5-300x225.png 300w, https:\/\/bkolacz.eu\/wp-content\/uploads\/2025\/03\/POST5-2000x1500.png 2000w\" sizes=\"auto, (max-width: 1024px) 100vw, 1024px\" \/><\/figure>\n\n\n\n<figure class=\"wp-block-image size-large\"><img loading=\"lazy\" decoding=\"async\" width=\"1024\" height=\"768\" data-id=\"101\" src=\"https:\/\/bkolacz.eu\/wp-content\/uploads\/2025\/03\/POST6-1024x768.png\" alt=\"\" class=\"wp-image-101\" srcset=\"https:\/\/bkolacz.eu\/wp-content\/uploads\/2025\/03\/POST6-1024x768.png 1024w, https:\/\/bkolacz.eu\/wp-content\/uploads\/2025\/03\/POST6-300x225.png 300w, https:\/\/bkolacz.eu\/wp-content\/uploads\/2025\/03\/POST6-2000x1500.png 2000w\" sizes=\"auto, (max-width: 1024px) 100vw, 1024px\" \/><\/figure>\n<\/figure>\n\n\n\n<div style=\"height:132px\" aria-hidden=\"true\" class=\"wp-block-spacer\"><\/div>\n","protected":false},"excerpt":{"rendered":"<p>CARGETHER is an app made for car enthusiasts \u2013 fans of rallies, car meets, and unique automotive spots. Its goal is to make it easier to find exciting events, share experiences, and build a community of people united by the same passion. What does CARGETHER offer? \ud83d\udccd Event map \u2013 discover rallies, car meets, and &hellip; <\/p>\n<p class=\"link-more\"><a href=\"https:\/\/bkolacz.eu\/?page_id=129\" class=\"more-link\">Read more<span class=\"screen-reader-text\"> &#8222;CARGETHER \u2013 The All-in-One App for Car Enthusiasts&#8221;<\/span><\/a><\/p>\n","protected":false},"author":1,"featured_media":72,"parent":0,"menu_order":0,"comment_status":"closed","ping_status":"closed","template":"","meta":{"inspiro_hide_title":false,"footnotes":""},"class_list":["post-129","page","type-page","status-publish","has-post-thumbnail","hentry"],"jetpack_sharing_enabled":true,"_links":{"self":[{"href":"https:\/\/bkolacz.eu\/index.php?rest_route=\/wp\/v2\/pages\/129","targetHints":{"allow":["GET"]}}],"collection":[{"href":"https:\/\/bkolacz.eu\/index.php?rest_route=\/wp\/v2\/pages"}],"about":[{"href":"https:\/\/bkolacz.eu\/index.php?rest_route=\/wp\/v2\/types\/page"}],"author":[{"embeddable":true,"href":"https:\/\/bkolacz.eu\/index.php?rest_route=\/wp\/v2\/users\/1"}],"replies":[{"embeddable":true,"href":"https:\/\/bkolacz.eu\/index.php?rest_route=%2Fwp%2Fv2%2Fcomments&post=129"}],"version-history":[{"count":13,"href":"https:\/\/bkolacz.eu\/index.php?rest_route=\/wp\/v2\/pages\/129\/revisions"}],"predecessor-version":[{"id":412,"href":"https:\/\/bkolacz.eu\/index.php?rest_route=\/wp\/v2\/pages\/129\/revisions\/412"}],"wp:featuredmedia":[{"embeddable":true,"href":"https:\/\/bkolacz.eu\/index.php?rest_route=\/wp\/v2\/media\/72"}],"wp:attachment":[{"href":"https:\/\/bkolacz.eu\/index.php?rest_route=%2Fwp%2Fv2%2Fmedia&parent=129"}],"curies":[{"name":"wp","href":"https:\/\/api.w.org\/{rel}","templated":true}]}}