{"id":144,"date":"2025-04-10T07:49:37","date_gmt":"2025-04-10T05:49:37","guid":{"rendered":"https:\/\/bkolacz.eu\/?page_id=144"},"modified":"2026-02-24T14:08:27","modified_gmt":"2026-02-24T13:08:27","slug":"cargether-3","status":"publish","type":"page","link":"https:\/\/bkolacz.eu\/?page_id=144","title":{"rendered":"CARGETHER &#8211; Die All-in-One-App f\u00fcr Auto-Enthusiasten"},"content":{"rendered":"\n<p><strong>CARGETHER ist eine App f\u00fcr alle Autofans<\/strong> \u2013 f\u00fcr Liebhaber von Rallyes, Treffen und einzigartigen Automobil-Orten. Ihr Ziel ist es, spannende Events leichter zu finden, Erlebnisse zu teilen und eine Community zu schaffen, die die gleiche Leidenschaft teilt.<\/p>\n\n\n\n<p><strong>Was bietet CARGETHER?<\/strong><\/p>\n\n\n\n<p>\ud83d\udccd <strong>Event-Karte<\/strong> \u2013 finde Rallyes, Treffen und Events in deiner N\u00e4he<br>\ud83d\udcac <strong>Leidenschaftliche Community<\/strong> \u2013 tausche Erfahrungen aus und entdecke neue Orte<br>\ud83c\udfc1 <strong>Deine Lieblingsorte<\/strong> \u2013 f\u00fcge Auto-Spots hinzu und bewerte sie<\/p>\n\n\n\n<p>Egal ob Fahrer, Zuschauer oder Veranstalter \u2013 <strong>CARGETHER bringt dich n\u00e4her an die Welt der Autokultur.<\/strong><br>Werde Teil dieser besonderen Community! \ud83d\ude80\ud83d\udd25<\/p>\n\n\n\n<div class=\"wp-block-buttons is-content-justification-center is-layout-flex wp-container-core-buttons-is-layout-a89b3969 wp-block-buttons-is-layout-flex\">\n<div class=\"wp-block-button\"><a class=\"wp-block-button__link wp-element-button\" href=\"https:\/\/bkolacz.eu\/?page_id=129\"><strong>ENGLISH<\/strong><\/a><\/div>\n\n\n\n<div class=\"wp-block-button\"><a class=\"wp-block-button__link wp-element-button\" href=\"https:\/\/bkolacz.eu\/?page_id=91\"><strong>POLSKI<\/strong><\/a><\/div>\n\n\n\n<div class=\"wp-block-button\"><a class=\"wp-block-button__link wp-element-button\" href=\"https:\/\/bkolacz.eu\/?page_id=150\"><strong>\u010cE\u0160TIN\u011a<\/strong><\/a><\/div>\n<\/div>\n\n\n\n<div style=\"height:30px\" aria-hidden=\"true\" class=\"wp-block-spacer\"><\/div>\n\n\n\n<div class=\"wp-block-buttons is-content-justification-center is-layout-flex wp-container-core-buttons-is-layout-a89b3969 wp-block-buttons-is-layout-flex\">\n<div class=\"wp-block-button\"><a class=\"wp-block-button__link wp-element-button\" href=\"https:\/\/apple.co\/3GKNUZI\" target=\"_blank\" rel=\"noreferrer noopener\">iOS HERUNTERLADEN<\/a><\/div>\n\n\n\n<div class=\"wp-block-button\"><a class=\"wp-block-button__link wp-element-button\" href=\"http:\/\/cargether.com\" target=\"_blank\" rel=\"noreferrer noopener\">CARGETHER WEB<\/a><\/div>\n\n\n\n<div class=\"wp-block-button\"><a class=\"wp-block-button__link wp-element-button\" href=\"https:\/\/play.google.com\/store\/apps\/details?id=bkolacz.eu&amp;hl=de\" target=\"_blank\" rel=\"noreferrer noopener\">ANDROID HERUNTERLADEN<\/a><\/div>\n<\/div>\n\n\n\n<div style=\"height:40px\" aria-hidden=\"true\" class=\"wp-block-spacer\"><\/div>\n\n\n\n<figure class=\"wp-block-gallery has-nested-images columns-default is-cropped wp-block-gallery-1 is-layout-flex wp-block-gallery-is-layout-flex\">\n<figure class=\"wp-block-image size-large\"><img loading=\"lazy\" decoding=\"async\" width=\"1024\" height=\"768\" data-id=\"102\" src=\"https:\/\/bkolacz.eu\/wp-content\/uploads\/2025\/03\/POST4-1024x768.png\" alt=\"\" class=\"wp-image-102\" srcset=\"https:\/\/bkolacz.eu\/wp-content\/uploads\/2025\/03\/POST4-1024x768.png 1024w, https:\/\/bkolacz.eu\/wp-content\/uploads\/2025\/03\/POST4-300x225.png 300w, https:\/\/bkolacz.eu\/wp-content\/uploads\/2025\/03\/POST4-2000x1500.png 2000w\" sizes=\"auto, (max-width: 1024px) 100vw, 1024px\" \/><\/figure>\n\n\n\n<figure class=\"wp-block-image size-large\"><img loading=\"lazy\" decoding=\"async\" width=\"1024\" height=\"768\" data-id=\"103\" src=\"https:\/\/bkolacz.eu\/wp-content\/uploads\/2025\/03\/POST5-1024x768.png\" alt=\"\" class=\"wp-image-103\" srcset=\"https:\/\/bkolacz.eu\/wp-content\/uploads\/2025\/03\/POST5-1024x768.png 1024w, https:\/\/bkolacz.eu\/wp-content\/uploads\/2025\/03\/POST5-300x225.png 300w, https:\/\/bkolacz.eu\/wp-content\/uploads\/2025\/03\/POST5-2000x1500.png 2000w\" sizes=\"auto, (max-width: 1024px) 100vw, 1024px\" \/><\/figure>\n\n\n\n<figure class=\"wp-block-image size-large\"><img loading=\"lazy\" decoding=\"async\" width=\"1024\" height=\"768\" data-id=\"101\" src=\"https:\/\/bkolacz.eu\/wp-content\/uploads\/2025\/03\/POST6-1024x768.png\" alt=\"\" class=\"wp-image-101\" srcset=\"https:\/\/bkolacz.eu\/wp-content\/uploads\/2025\/03\/POST6-1024x768.png 1024w, https:\/\/bkolacz.eu\/wp-content\/uploads\/2025\/03\/POST6-300x225.png 300w, https:\/\/bkolacz.eu\/wp-content\/uploads\/2025\/03\/POST6-2000x1500.png 2000w\" sizes=\"auto, (max-width: 1024px) 100vw, 1024px\" \/><\/figure>\n<\/figure>\n\n\n\n<div style=\"height:132px\" aria-hidden=\"true\" class=\"wp-block-spacer\"><\/div>\n","protected":false},"excerpt":{"rendered":"<p>CARGETHER ist eine App f\u00fcr alle Autofans \u2013 f\u00fcr Liebhaber von Rallyes, Treffen und einzigartigen Automobil-Orten. Ihr Ziel ist es, spannende Events leichter zu finden, Erlebnisse zu teilen und eine Community zu schaffen, die die gleiche Leidenschaft teilt. Was bietet CARGETHER? \ud83d\udccd Event-Karte \u2013 finde Rallyes, Treffen und Events in deiner N\u00e4he\ud83d\udcac Leidenschaftliche Community \u2013 &hellip; <\/p>\n<p class=\"link-more\"><a href=\"https:\/\/bkolacz.eu\/?page_id=144\" class=\"more-link\">Read more<span class=\"screen-reader-text\"> &#8222;CARGETHER &#8211; Die All-in-One-App f\u00fcr Auto-Enthusiasten&#8221;<\/span><\/a><\/p>\n","protected":false},"author":1,"featured_media":72,"parent":0,"menu_order":0,"comment_status":"closed","ping_status":"closed","template":"","meta":{"inspiro_hide_title":false,"footnotes":""},"class_list":["post-144","page","type-page","status-publish","has-post-thumbnail","hentry"],"jetpack_sharing_enabled":true,"_links":{"self":[{"href":"https:\/\/bkolacz.eu\/index.php?rest_route=\/wp\/v2\/pages\/144","targetHints":{"allow":["GET"]}}],"collection":[{"href":"https:\/\/bkolacz.eu\/index.php?rest_route=\/wp\/v2\/pages"}],"about":[{"href":"https:\/\/bkolacz.eu\/index.php?rest_route=\/wp\/v2\/types\/page"}],"author":[{"embeddable":true,"href":"https:\/\/bkolacz.eu\/index.php?rest_route=\/wp\/v2\/users\/1"}],"replies":[{"embeddable":true,"href":"https:\/\/bkolacz.eu\/index.php?rest_route=%2Fwp%2Fv2%2Fcomments&post=144"}],"version-history":[{"count":6,"href":"https:\/\/bkolacz.eu\/index.php?rest_route=\/wp\/v2\/pages\/144\/revisions"}],"predecessor-version":[{"id":413,"href":"https:\/\/bkolacz.eu\/index.php?rest_route=\/wp\/v2\/pages\/144\/revisions\/413"}],"wp:featuredmedia":[{"embeddable":true,"href":"https:\/\/bkolacz.eu\/index.php?rest_route=\/wp\/v2\/media\/72"}],"wp:attachment":[{"href":"https:\/\/bkolacz.eu\/index.php?rest_route=%2Fwp%2Fv2%2Fmedia&parent=144"}],"curies":[{"name":"wp","href":"https:\/\/api.w.org\/{rel}","templated":true}]}}