{"id":8,"date":"2025-02-11T09:48:14","date_gmt":"2025-02-11T08:48:14","guid":{"rendered":"https:\/\/bkolacz.eu\/?page_id=8"},"modified":"2026-01-22T10:54:04","modified_gmt":"2026-01-22T09:54:04","slug":"homepage","status":"publish","type":"page","link":"https:\/\/bkolacz.eu\/","title":{"rendered":"HOME"},"content":{"rendered":"\n<div class=\"wp-block-cover alignfull is-light\" style=\"min-height:100vh;aspect-ratio:unset;\"><span aria-hidden=\"true\" class=\"wp-block-cover__background has-background-dim-20 has-background-dim\" style=\"background-color:#FFF\"><\/span><video class=\"wp-block-cover__video-background intrinsic-ignore\" autoplay muted loop playsinline src=\"https:\/\/bkolacz.eu\/wp-content\/uploads\/2025\/02\/BKOLACZ.mp4\" data-object-fit=\"cover\"><\/video><div class=\"wp-block-cover__inner-container has-global-padding is-layout-constrained wp-block-cover-is-layout-constrained\">\n<p class=\"has-text-align-center has-white-color has-text-color has-max-60-font-size\" style=\"font-style:normal;font-weight:900;line-height:1.2\"><strong>WELCOME TO MY WORLD<\/strong><\/p>\n\n\n\n<p class=\"has-text-align-center has-white-color has-text-color has-medium-font-size\"><\/p>\n\n\n\n<div style=\"height:55px\" aria-hidden=\"true\" class=\"wp-block-spacer\"><\/div>\n<\/div><\/div>\n\n\n\n<div class=\"wp-block-group has-global-padding is-layout-constrained wp-block-group-is-layout-constrained\">\n<div style=\"height:57px\" aria-hidden=\"true\" class=\"wp-block-spacer\"><\/div>\n\n\n\n<h2 class=\"wp-block-heading has-text-align-center has-medium-font-size\" style=\"letter-spacing:1px\">O MNIE<\/h2>\n\n\n\n<p class=\"has-text-align-center\">Pasjonuj\u0119 si\u0119 fotografi\u0105 motoryzacyjn\u0105 i eventow\u0105, uchwycaj\u0105c emocje rajd\u00f3w, zlot\u00f3w oraz imprez okoliczno\u015bciowych. <\/p>\n\n\n\n<p class=\"has-text-align-center\">Poza fotografi\u0105 realizuj\u0119 w\u0142asne projekty \u2013 buduj\u0119 rajdow\u0105 replik\u0119 Vectry A oraz rozwijam CARGETHER, aplikacj\u0119 dla mi\u0142o\u015bnik\u00f3w motoryzacji.<\/p>\n\n\n\n<div class=\"wp-block-buttons is-horizontal is-content-justification-center is-layout-flex wp-container-core-buttons-is-layout-03627597 wp-block-buttons-is-layout-flex\">\n<div class=\"wp-block-button has-custom-width wp-block-button__width-25 has-custom-font-size is-style-outline has-small-font-size is-style-outline--1\"><a class=\"wp-block-button__link wp-element-button\" href=\"https:\/\/bkolacz.eu\/?page_id=9\" style=\"border-radius:0px\">O MNIE<\/a><\/div>\n<\/div>\n\n\n\n<div style=\"height:57px\" aria-hidden=\"true\" class=\"wp-block-spacer\"><\/div>\n<\/div>\n\n\n\n<div class=\"wp-block-cover alignfull has-parallax is-position-center-center\" style=\"border-radius:0px\"><span aria-hidden=\"true\" class=\"wp-block-cover__background has-black-background-color has-background-dim-40 has-background-dim\"><\/span><div class=\"wp-block-cover__image-background wp-image-36 has-parallax\" style=\"background-position:50% 50%;background-image:url(https:\/\/bkolacz.eu\/wp-content\/uploads\/2025\/02\/MG_8223.png)\"><\/div><div class=\"wp-block-cover__inner-container is-layout-flow wp-block-cover-is-layout-flow\">\n<div class=\"wp-block-group has-global-padding is-layout-constrained wp-block-group-is-layout-constrained\">\n<h3 class=\"wp-block-heading has-text-align-center has-text-color has-medium-font-size\" style=\"color:#fffffa;text-transform:uppercase\">SKONTAKTUJ SI\u0118 ZE MN\u0104<\/h3>\n\n\n\n<p class=\"has-text-align-center has-white-color has-text-color\">Masz pytania, chcesz wsp\u00f3\u0142pracowa\u0107 lub potrzebujesz profesjonalnych zdj\u0119\u0107 z wydarzenia? Napisz do mnie \u2013 razem stworzymy co\u015b wyj\u0105tkowego!<\/p>\n\n\n\n<div style=\"height:31px\" aria-hidden=\"true\" class=\"wp-block-spacer\"><\/div>\n\n\n\n<div class=\"wp-block-buttons is-horizontal is-content-justification-center is-layout-flex wp-container-core-buttons-is-layout-03627597 wp-block-buttons-is-layout-flex\">\n<div class=\"wp-block-button has-custom-width wp-block-button__width-25 is-style-outline is-style-outline--2\"><a class=\"wp-block-button__link has-white-color has-text-color wp-element-button\" href=\"https:\/\/bkolacz.eu\/?page_id=10\" style=\"border-radius:0px\">SKONTAKTUJ SI\u0118<\/a><\/div>\n<\/div>\n<\/div>\n<\/div><\/div>\n\n\n\n<div id=\"news\" class=\"wp-block-group has-global-padding is-layout-constrained wp-block-group-is-layout-constrained\">\n<div style=\"height:108px\" aria-hidden=\"true\" class=\"wp-block-spacer\"><\/div>\n\n\n\n<p class=\"has-text-align-left has-secondary-color has-text-color\">ATKUALNO\u015aCI<\/p>\n\n\n\n<h2 class=\"wp-block-heading has-text-align-left\">OSTATNIE WIADOMO\u015aCI<\/h2>\n\n\n\n<div style=\"height:33px\" aria-hidden=\"true\" class=\"wp-block-spacer\"><\/div>\n\n\n\n<div class=\"wp-block-query is-layout-flow wp-block-query-is-layout-flow\"><ul class=\"columns-3 wp-block-post-template is-layout-grid wp-container-core-post-template-is-layout-6aac66c0 wp-block-post-template-is-layout-grid\"><li class=\"wp-block-post post-162 post type-post status-publish format-standard has-post-thumbnail hentry category-bez-kategorii\">\n<figure style=\"width:100%;height:240px; margin-bottom:var(--wp--preset--spacing--x-small);\" class=\"wp-block-post-featured-image\"><a href=\"https:\/\/bkolacz.eu\/?p=162\" target=\"_self\"  style=\"height:240px\"><img loading=\"lazy\" decoding=\"async\" width=\"1240\" height=\"827\" src=\"https:\/\/bkolacz.eu\/wp-content\/uploads\/2025\/04\/KSNH_SuperOES-074.jpg\" class=\"attachment-post-thumbnail size-post-thumbnail wp-post-image\" alt=\"4. RUNDA KRYTERIUM SuperOES TOR POZNA\u0143 2025\" style=\"border-radius:5px;height:240px;object-fit:cover;\" srcset=\"https:\/\/bkolacz.eu\/wp-content\/uploads\/2025\/04\/KSNH_SuperOES-074.jpg 1240w, https:\/\/bkolacz.eu\/wp-content\/uploads\/2025\/04\/KSNH_SuperOES-074-300x200.jpg 300w, https:\/\/bkolacz.eu\/wp-content\/uploads\/2025\/04\/KSNH_SuperOES-074-1024x683.jpg 1024w\" sizes=\"auto, 100vw\" \/><\/a><\/figure>\n\n<div style=\"margin-top:0;margin-bottom:0;\" class=\"has-link-color wp-elements-a1817b6b9e4eaefd5826fde68b0a8fdb wp-block-post-date has-text-color has-tertiary-color\"><time datetime=\"2025-04-10T09:10:13+02:00\">10\/04\/2025<\/time><\/div>\n\n<h3 style=\"margin-top:0;margin-bottom:var(--wp--preset--spacing--x-small);\" class=\"has-link-color wp-elements-2e75b4e4fab489cf445e03eda13279d1 wp-block-post-title\"><a href=\"https:\/\/bkolacz.eu\/?p=162\" target=\"_self\" >4. RUNDA KRYTERIUM SuperOES TOR POZNA\u0143 2025<\/a><\/h3>\n\n<div class=\"has-link-color wp-elements-61eeeb1d6c31f3761cb8bc35b6e1a095 wp-block-post-excerpt has-text-color has-tertiary-color\"><p class=\"wp-block-post-excerpt__excerpt\">\ud83d\udcf8 Galeria z 4. Rundy Kryterium SuperOES \u2013 Tor Pozna\u0144 2025Pr\u0119dko\u015b\u0107, emocje i masa dobrej jazdy!Obejrzyj zdj\u0119cia\ud83d\udc47 <\/p><\/div>\n\n<a style=\"text-transform:uppercase; border-width:2px; padding-right:var(--wp--preset--spacing--x-small);padding-left:var(--wp--preset--spacing--x-small);padding-top:10px;padding-bottom:10px;\" class=\"wp-block-read-more has-text-color has-foreground-color\" href=\"https:\/\/bkolacz.eu\/?p=162\" target=\"_self\">Dowiedz si\u0119 wi\u0119cej<span class=\"screen-reader-text\">: 4. RUNDA KRYTERIUM SuperOES TOR POZNA\u0143 2025<\/span><\/a>\n<\/li><li class=\"wp-block-post post-1 post type-post status-publish format-standard has-post-thumbnail hentry category-bez-kategorii\">\n<figure style=\"width:100%;height:240px; margin-bottom:var(--wp--preset--spacing--x-small);\" class=\"wp-block-post-featured-image\"><a href=\"https:\/\/bkolacz.eu\/?p=1\" target=\"_self\"  style=\"height:240px\"><img loading=\"lazy\" decoding=\"async\" width=\"1080\" height=\"1080\" src=\"https:\/\/bkolacz.eu\/wp-content\/uploads\/2025\/02\/2.png\" class=\"attachment-post-thumbnail size-post-thumbnail wp-post-image\" alt=\"Witaj, \u015bwiecie!\" style=\"border-radius:5px;height:240px;object-fit:cover;\" srcset=\"https:\/\/bkolacz.eu\/wp-content\/uploads\/2025\/02\/2.png 1080w, https:\/\/bkolacz.eu\/wp-content\/uploads\/2025\/02\/2-300x300.png 300w, https:\/\/bkolacz.eu\/wp-content\/uploads\/2025\/02\/2-1024x1024.png 1024w, https:\/\/bkolacz.eu\/wp-content\/uploads\/2025\/02\/2-150x150.png 150w\" sizes=\"auto, 100vw\" \/><\/a><\/figure>\n\n<div style=\"margin-top:0;margin-bottom:0;\" class=\"has-link-color wp-elements-a1817b6b9e4eaefd5826fde68b0a8fdb wp-block-post-date has-text-color has-tertiary-color\"><time datetime=\"2025-02-11T09:35:06+01:00\">11\/02\/2025<\/time><\/div>\n\n<h3 style=\"margin-top:0;margin-bottom:var(--wp--preset--spacing--x-small);\" class=\"has-link-color wp-elements-2e75b4e4fab489cf445e03eda13279d1 wp-block-post-title\"><a href=\"https:\/\/bkolacz.eu\/?p=1\" target=\"_self\" >Witaj, \u015bwiecie!<\/a><\/h3>\n\n<div class=\"has-link-color wp-elements-61eeeb1d6c31f3761cb8bc35b6e1a095 wp-block-post-excerpt has-text-color has-tertiary-color\"><p class=\"wp-block-post-excerpt__excerpt\">Motoryzacja to nie tylko hobby \u2013 to styl \u017cycia. Od lat pasjonuj\u0119 si\u0119 fotografi\u0105 motoryzacyjn\u0105, uchwycaj\u0105c dynamik\u0119 rajd\u00f3w, zlot\u00f3w oraz wyj\u0105tkowych wydarze\u0144. Staram si\u0119 zatrzyma\u0107 w kadrze nie tylko szybko\u015b\u0107 i emocje, ale tak\u017ce atmosfer\u0119 i ludzi, kt\u00f3rzy&hellip; <\/p><\/div>\n\n<a style=\"text-transform:uppercase; border-width:2px; padding-right:var(--wp--preset--spacing--x-small);padding-left:var(--wp--preset--spacing--x-small);padding-top:10px;padding-bottom:10px;\" class=\"wp-block-read-more has-text-color has-foreground-color\" href=\"https:\/\/bkolacz.eu\/?p=1\" target=\"_self\">Dowiedz si\u0119 wi\u0119cej<span class=\"screen-reader-text\">: Witaj, \u015bwiecie!<\/span><\/a>\n<\/li><\/ul>\n\n<\/div>\n\n\n\n<p><\/p>\n<\/div>\n","protected":false},"excerpt":{"rendered":"<p>O MNIE Pasjonuj\u0119 si\u0119 fotografi\u0105 motoryzacyjn\u0105 i eventow\u0105, uchwycaj\u0105c emocje rajd\u00f3w, zlot\u00f3w oraz imprez okoliczno\u015bciowych. Poza fotografi\u0105 realizuj\u0119 w\u0142asne projekty \u2013 buduj\u0119 rajdow\u0105 replik\u0119 Vectry A oraz rozwijam CARGETHER, aplikacj\u0119 dla mi\u0142o\u015bnik\u00f3w motoryzacji. ATKUALNO\u015aCI OSTATNIE WIADOMO\u015aCI<\/p>\n","protected":false},"author":1,"featured_media":0,"parent":0,"menu_order":0,"comment_status":"closed","ping_status":"closed","template":"page-templates\/homepage-no-hero.php","meta":{"inspiro_hide_title":false,"footnotes":""},"class_list":["post-8","page","type-page","status-publish","hentry"],"jetpack_sharing_enabled":true,"_links":{"self":[{"href":"https:\/\/bkolacz.eu\/index.php?rest_route=\/wp\/v2\/pages\/8","targetHints":{"allow":["GET"]}}],"collection":[{"href":"https:\/\/bkolacz.eu\/index.php?rest_route=\/wp\/v2\/pages"}],"about":[{"href":"https:\/\/bkolacz.eu\/index.php?rest_route=\/wp\/v2\/types\/page"}],"author":[{"embeddable":true,"href":"https:\/\/bkolacz.eu\/index.php?rest_route=\/wp\/v2\/users\/1"}],"replies":[{"embeddable":true,"href":"https:\/\/bkolacz.eu\/index.php?rest_route=%2Fwp%2Fv2%2Fcomments&post=8"}],"version-history":[{"count":9,"href":"https:\/\/bkolacz.eu\/index.php?rest_route=\/wp\/v2\/pages\/8\/revisions"}],"predecessor-version":[{"id":377,"href":"https:\/\/bkolacz.eu\/index.php?rest_route=\/wp\/v2\/pages\/8\/revisions\/377"}],"wp:attachment":[{"href":"https:\/\/bkolacz.eu\/index.php?rest_route=%2Fwp%2Fv2%2Fmedia&parent=8"}],"curies":[{"name":"wp","href":"https:\/\/api.w.org\/{rel}","templated":true}]}}