{"id":9,"date":"2025-02-11T09:48:14","date_gmt":"2025-02-11T08:48:14","guid":{"rendered":"https:\/\/bkolacz.eu\/?page_id=9"},"modified":"2025-03-18T10:52:13","modified_gmt":"2025-03-18T09:52:13","slug":"about","status":"publish","type":"page","link":"https:\/\/bkolacz.eu\/?page_id=9","title":{"rendered":"O MNIE"},"content":{"rendered":"\n<p>Motoryzacja i fotografia to dwie pasje, kt\u00f3re wype\u0142niaj\u0105 moje \u017cycie. Od lat uwieczniam na zdj\u0119ciach emocje, adrenalin\u0119 i pi\u0119kno zar\u00f3wno szybkich samochod\u00f3w, jak i wydarze\u0144 z udzia\u0142em ludzi. Specjalizuj\u0119 si\u0119 w fotografii motoryzacyjnej oraz eventowej \u2013 dokumentuj\u0119 rajdy, zloty, imprezy okoliczno\u015bciowe i wszystko, co zwi\u0105zane z motoryzacj\u0105.<\/p>\n\n\n\n<p>Poza obiektywem anga\u017cuj\u0119 si\u0119 w ambitne projekty \u2013 tworz\u0119 spo\u0142eczno\u015b\u0107 pasjonat\u00f3w motoryzacji poprzez aplikacj\u0119 <strong>CARGETHER<\/strong> i buduj\u0119 replik\u0119 rajdowej <strong>Vectry A<\/strong>, realizuj\u0105c marzenie o perfekcyjnie dopracowanym aucie na tor.<\/p>\n\n\n\n<p><\/p>\n\n\n\n<hr class=\"wp-block-separator has-alpha-channel-opacity\"\/>\n\n\n\n<h3 class=\"wp-block-heading has-text-align-center\">Motoryzacja w obiektywie<\/h3>\n\n\n\n<p>Fotografia motoryzacyjna to dla mnie co\u015b wi\u0119cej ni\u017c hobby \u2013 to spos\u00f3b na uchwycenie ducha pr\u0119dko\u015bci i pasji do czterech k\u00f3\u0142ek. Od lat dokumentuj\u0119 rajdy, zloty i wy\u015bcigi, staraj\u0105c si\u0119 uchwyci\u0107 nie tylko same pojazdy, ale i emocje towarzysz\u0105ce ka\u017cdemu wydarzeniu.<\/p>\n\n\n\n<p>W moim portfolio znajdziesz zar\u00f3wno dynamiczne kadry z tor\u00f3w wy\u015bcigowych, jak i klimatyczne uj\u0119cia klasycznych samochod\u00f3w. Ka\u017cda fotografia opowiada histori\u0119 \u2013 histori\u0119 kierowcy, jego maszyny i chwili, w kt\u00f3rej wszystko liczy si\u0119 tu i teraz.<\/p>\n\n\n\n<div class=\"wp-block-columns alignwide is-layout-flex wp-container-core-columns-is-layout-28f84493 wp-block-columns-is-layout-flex\">\n<div class=\"wp-block-column is-layout-flow wp-block-column-is-layout-flow\">\n<figure class=\"wp-block-image size-large\"><img loading=\"lazy\" decoding=\"async\" width=\"683\" height=\"1024\" src=\"https:\/\/bkolacz.eu\/wp-content\/uploads\/2025\/02\/MG_2244-683x1024.jpg\" alt=\"\" class=\"wp-image-32\" srcset=\"https:\/\/bkolacz.eu\/wp-content\/uploads\/2025\/02\/MG_2244-683x1024.jpg 683w, https:\/\/bkolacz.eu\/wp-content\/uploads\/2025\/02\/MG_2244-200x300.jpg 200w, https:\/\/bkolacz.eu\/wp-content\/uploads\/2025\/02\/MG_2244-2000x3000.jpg 2000w, https:\/\/bkolacz.eu\/wp-content\/uploads\/2025\/02\/MG_2244-scaled.jpg 1707w\" sizes=\"auto, (max-width: 683px) 100vw, 683px\" \/><\/figure>\n\n\n\n<p class=\"has-black-color has-text-color has-medium-font-size\"><\/p>\n<\/div>\n\n\n\n<div class=\"wp-block-column is-layout-flow wp-block-column-is-layout-flow\">\n<figure class=\"wp-block-image size-large\"><img loading=\"lazy\" decoding=\"async\" width=\"683\" height=\"1024\" src=\"https:\/\/bkolacz.eu\/wp-content\/uploads\/2025\/02\/MG_0124-683x1024.jpg\" alt=\"\" class=\"wp-image-29\" srcset=\"https:\/\/bkolacz.eu\/wp-content\/uploads\/2025\/02\/MG_0124-683x1024.jpg 683w, https:\/\/bkolacz.eu\/wp-content\/uploads\/2025\/02\/MG_0124-200x300.jpg 200w, https:\/\/bkolacz.eu\/wp-content\/uploads\/2025\/02\/MG_0124-2000x3000.jpg 2000w, https:\/\/bkolacz.eu\/wp-content\/uploads\/2025\/02\/MG_0124-scaled.jpg 1707w\" sizes=\"auto, (max-width: 683px) 100vw, 683px\" \/><\/figure>\n\n\n\n<p class=\"has-black-color has-text-color has-medium-font-size\"><\/p>\n<\/div>\n\n\n\n<div class=\"wp-block-column is-layout-flow wp-block-column-is-layout-flow\">\n<figure class=\"wp-block-image size-large\"><img loading=\"lazy\" decoding=\"async\" width=\"683\" height=\"1024\" src=\"https:\/\/bkolacz.eu\/wp-content\/uploads\/2025\/02\/photo21-683x1024.jpg\" alt=\"\" class=\"wp-image-38\" srcset=\"https:\/\/bkolacz.eu\/wp-content\/uploads\/2025\/02\/photo21-683x1024.jpg 683w, https:\/\/bkolacz.eu\/wp-content\/uploads\/2025\/02\/photo21-200x300.jpg 200w, https:\/\/bkolacz.eu\/wp-content\/uploads\/2025\/02\/photo21.jpg 1365w\" sizes=\"auto, (max-width: 683px) 100vw, 683px\" \/><\/figure>\n<\/div>\n<\/div>\n\n\n\n<hr class=\"wp-block-separator has-alpha-channel-opacity\"\/>\n\n\n\n<h3 class=\"wp-block-heading has-text-align-center\"><strong>CARGETHER \u2013 motoryzacja, kt\u00f3ra \u0142\u0105czy<\/strong><\/h3>\n\n\n\n<p>Motoryzacja to nie tylko samochody, ale przede wszystkim ludzie, kt\u00f3rych \u0142\u0105czy wsp\u00f3lna pasja. Dlatego stworzy\u0142em <strong>CARGETHER<\/strong> \u2013 aplikacj\u0119, kt\u00f3ra pomaga mi\u0142o\u015bnikom motoryzacji znajdowa\u0107 wydarzenia, dzieli\u0107 si\u0119 swoimi projektami i budowa\u0107 spo\u0142eczno\u015b\u0107.<\/p>\n\n\n\n<p>Dzi\u0119ki <strong>CARGETHER<\/strong> mo\u017cesz szybko odnale\u017a\u0107 rajdy, zloty i eventy w Twojej okolicy, a tak\u017ce nawi\u0105za\u0107 kontakt z osobami o podobnych zainteresowaniach. Chc\u0119, aby ka\u017cdy mi\u0142o\u015bnik motoryzacji mia\u0142 swoje miejsce w tej spo\u0142eczno\u015bci \u2013 miejsce, w kt\u00f3rym liczy si\u0119 wsp\u00f3lna pasja do czterech k\u00f3\u0142ek.<\/p>\n\n\n\n<div class=\"wp-block-columns alignwide is-layout-flex wp-container-core-columns-is-layout-28f84493 wp-block-columns-is-layout-flex\">\n<div class=\"wp-block-column is-layout-flow wp-block-column-is-layout-flow\">\n<figure class=\"wp-block-image aligncenter size-full is-resized\"><img loading=\"lazy\" decoding=\"async\" width=\"1024\" height=\"500\" src=\"https:\/\/bkolacz.eu\/wp-content\/uploads\/2025\/03\/background.png\" alt=\"\" class=\"wp-image-75\" style=\"width:602px;height:auto\" srcset=\"https:\/\/bkolacz.eu\/wp-content\/uploads\/2025\/03\/background.png 1024w, https:\/\/bkolacz.eu\/wp-content\/uploads\/2025\/03\/background-300x146.png 300w\" sizes=\"auto, (max-width: 1024px) 100vw, 1024px\" \/><\/figure>\n\n\n\n<h3 class=\"wp-block-heading has-text-align-center\">Rally Vectra \u2013 moja rajdowa pasja<\/h3>\n\n\n\n<p>Motoryzacja to nie tylko ogl\u0105danie i fotografowanie \u2013 to tak\u017ce budowanie, modyfikowanie i d\u0105\u017cenie do perfekcji. Dlatego podj\u0105\u0142em si\u0119 ambitnego projektu \u2013 stworzenia repliki <strong>rajdowej Vectry A<\/strong>, auta, kt\u00f3re \u0142\u0105czy klasyczny styl z wy\u015bcigowym charakterem.<\/p>\n\n\n\n<p>Ka\u017cdy etap budowy to nowe wyzwanie \u2013 od modyfikacji silnika, przez zawieszenie, a\u017c po detale, kt\u00f3re nadaj\u0105 autu unikalny wygl\u0105d. To projekt, kt\u00f3ry \u0142\u0105czy moj\u0105 pasj\u0119 do mechaniki, motorsportu i d\u0105\u017cenia do perfekcji na szutrowej trasie.<\/p>\n\n\n\n<figure class=\"wp-block-gallery alignfull has-nested-images columns-default is-cropped wp-block-gallery-1 is-layout-flex wp-block-gallery-is-layout-flex\">\n<figure class=\"wp-block-image aligncenter size-large\"><img loading=\"lazy\" decoding=\"async\" width=\"1024\" height=\"683\" data-id=\"80\" src=\"https:\/\/bkolacz.eu\/wp-content\/uploads\/2025\/03\/KSNH-359-1024x683.jpg\" alt=\"\" class=\"wp-image-80\" srcset=\"https:\/\/bkolacz.eu\/wp-content\/uploads\/2025\/03\/KSNH-359-1024x683.jpg 1024w, https:\/\/bkolacz.eu\/wp-content\/uploads\/2025\/03\/KSNH-359-300x200.jpg 300w, https:\/\/bkolacz.eu\/wp-content\/uploads\/2025\/03\/KSNH-359-2000x1333.jpg 2000w\" sizes=\"auto, (max-width: 1024px) 100vw, 1024px\" \/><\/figure>\n\n\n\n<figure class=\"wp-block-image size-large\"><img loading=\"lazy\" decoding=\"async\" width=\"1024\" height=\"576\" data-id=\"78\" src=\"https:\/\/bkolacz.eu\/wp-content\/uploads\/2025\/03\/wallpaperDesktop3-1024x576.png\" alt=\"\" class=\"wp-image-78\" srcset=\"https:\/\/bkolacz.eu\/wp-content\/uploads\/2025\/03\/wallpaperDesktop3-1024x576.png 1024w, https:\/\/bkolacz.eu\/wp-content\/uploads\/2025\/03\/wallpaperDesktop3-300x169.png 300w, https:\/\/bkolacz.eu\/wp-content\/uploads\/2025\/03\/wallpaperDesktop3-2000x1125.png 2000w\" sizes=\"auto, (max-width: 1024px) 100vw, 1024px\" \/><\/figure>\n\n\n\n<figure class=\"wp-block-image size-large\"><img loading=\"lazy\" decoding=\"async\" width=\"1024\" height=\"683\" data-id=\"76\" src=\"https:\/\/bkolacz.eu\/wp-content\/uploads\/2025\/03\/KSNH-358-1024x683.jpg\" alt=\"\" class=\"wp-image-76\" srcset=\"https:\/\/bkolacz.eu\/wp-content\/uploads\/2025\/03\/KSNH-358-1024x683.jpg 1024w, https:\/\/bkolacz.eu\/wp-content\/uploads\/2025\/03\/KSNH-358-300x200.jpg 300w, https:\/\/bkolacz.eu\/wp-content\/uploads\/2025\/03\/KSNH-358-2000x1333.jpg 2000w\" sizes=\"auto, (max-width: 1024px) 100vw, 1024px\" \/><\/figure>\n<\/figure>\n<\/div>\n<\/div>\n\n\n\n<h3 class=\"wp-block-heading has-text-align-center has-large-font-size\" id=\"inspiro-is-a-digital-product-agency-that-focuses-on-strategy-and-desig\" style=\"font-style:normal;font-weight:300\"><\/h3>\n","protected":false},"excerpt":{"rendered":"<p>Motoryzacja i fotografia to dwie pasje, kt\u00f3re wype\u0142niaj\u0105 moje \u017cycie. Od lat uwieczniam na zdj\u0119ciach emocje, adrenalin\u0119 i pi\u0119kno zar\u00f3wno szybkich samochod\u00f3w, jak i wydarze\u0144 z udzia\u0142em ludzi. Specjalizuj\u0119 si\u0119 w fotografii motoryzacyjnej oraz eventowej \u2013 dokumentuj\u0119 rajdy, zloty, imprezy okoliczno\u015bciowe i wszystko, co zwi\u0105zane z motoryzacj\u0105. Poza obiektywem anga\u017cuj\u0119 si\u0119 w ambitne projekty \u2013 &hellip; <\/p>\n<p class=\"link-more\"><a href=\"https:\/\/bkolacz.eu\/?page_id=9\" class=\"more-link\">Read more<span class=\"screen-reader-text\"> &#8222;O MNIE&#8221;<\/span><\/a><\/p>\n","protected":false},"author":1,"featured_media":39,"parent":0,"menu_order":0,"comment_status":"closed","ping_status":"closed","template":"","meta":{"inspiro_hide_title":false,"footnotes":""},"class_list":["post-9","page","type-page","status-publish","has-post-thumbnail","hentry"],"jetpack_sharing_enabled":true,"_links":{"self":[{"href":"https:\/\/bkolacz.eu\/index.php?rest_route=\/wp\/v2\/pages\/9","targetHints":{"allow":["GET"]}}],"collection":[{"href":"https:\/\/bkolacz.eu\/index.php?rest_route=\/wp\/v2\/pages"}],"about":[{"href":"https:\/\/bkolacz.eu\/index.php?rest_route=\/wp\/v2\/types\/page"}],"author":[{"embeddable":true,"href":"https:\/\/bkolacz.eu\/index.php?rest_route=\/wp\/v2\/users\/1"}],"replies":[{"embeddable":true,"href":"https:\/\/bkolacz.eu\/index.php?rest_route=%2Fwp%2Fv2%2Fcomments&post=9"}],"version-history":[{"count":2,"href":"https:\/\/bkolacz.eu\/index.php?rest_route=\/wp\/v2\/pages\/9\/revisions"}],"predecessor-version":[{"id":81,"href":"https:\/\/bkolacz.eu\/index.php?rest_route=\/wp\/v2\/pages\/9\/revisions\/81"}],"wp:featuredmedia":[{"embeddable":true,"href":"https:\/\/bkolacz.eu\/index.php?rest_route=\/wp\/v2\/media\/39"}],"wp:attachment":[{"href":"https:\/\/bkolacz.eu\/index.php?rest_route=%2Fwp%2Fv2%2Fmedia&parent=9"}],"curies":[{"name":"wp","href":"https:\/\/api.w.org\/{rel}","templated":true}]}}