{"id":90,"date":"2025-03-18T10:54:20","date_gmt":"2025-03-18T09:54:20","guid":{"rendered":"https:\/\/bkolacz.eu\/?page_id=90"},"modified":"2025-03-19T07:50:17","modified_gmt":"2025-03-19T06:50:17","slug":"vectra-a-rally","status":"publish","type":"page","link":"https:\/\/bkolacz.eu\/?page_id=90","title":{"rendered":"VECTRA A RALLY"},"content":{"rendered":"\n<p><strong>Opel Vectra A 1995 1.8<\/strong> \u2013 m\u00f3j projekt to nie tylko klasyczna Vectra, ale ambitna pr\u00f3ba odtworzenia rajdowej maszyny, kt\u00f3r\u0105 w 1994 roku \u015bciga\u0142 si\u0119 <strong>Luis Climent<\/strong>. Chc\u0119 jak najwierniej odda\u0107 ducha tamtej epoki, dbaj\u0105c o detale nadwozia, wn\u0119trza oraz modyfikacje techniczne.<\/p>\n\n\n\n<h3 class=\"wp-block-heading\"><strong>Cel projektu<\/strong><\/h3>\n\n\n\n<p>\ud83d\ude97 Stworzenie pe\u0142noprawnej repliki rajdowej <strong>Vectry A<\/strong> inspirowanej wersj\u0105 Climenta<br>\ud83d\udd27 Modyfikacje wizualne i techniczne z naciskiem na rajdowy charakter<br>\ud83d\udd25 Pasja do motorsportu i ch\u0119\u0107 przeniesienia legendy lat 90. na dzisiejsze trasy<\/p>\n\n\n\n<h3 class=\"wp-block-heading\"><strong>Post\u0119py prac<\/strong><\/h3>\n\n\n\n<p>Projekt ca\u0142y czas si\u0119 rozwija \u2013 od zmian w zawieszeniu i uk\u0142adzie nap\u0119dowym, po odwzorowanie rajdowych detali nadwozia i wn\u0119trza. Ka\u017cdy element zbli\u017ca mnie do finalnego efektu: maszyny gotowej na prawdziwe wyzwania rajdowe!<\/p>\n\n\n\n<p>\u015aled\u017a rozw\u00f3j budowy i zobacz, jak klasyczna <strong>Vectra A<\/strong> zmienia si\u0119 w rajdow\u0105 legend\u0119 lat 90! <\/p>\n\n\n\n<figure class=\"wp-block-embed is-type-video is-provider-youtube wp-block-embed-youtube wp-embed-aspect-16-9 wp-has-aspect-ratio\"><div class=\"wp-block-embed__wrapper\">\n<iframe loading=\"lazy\" title=\"From stock to rally: Opel Vectra A\" width=\"950\" height=\"534\" src=\"https:\/\/www.youtube.com\/embed\/videoseries?list=PLfpvCzwLbdcY1D_QiwNTSvJ4Q-a4CxRtu\" frameborder=\"0\" allow=\"accelerometer; autoplay; clipboard-write; encrypted-media; gyroscope; picture-in-picture; web-share\" referrerpolicy=\"strict-origin-when-cross-origin\" allowfullscreen><\/iframe>\n<\/div><\/figure>\n\n\n\n<div style=\"height:157px\" aria-hidden=\"true\" class=\"wp-block-spacer\"><\/div>\n","protected":false},"excerpt":{"rendered":"<p>Opel Vectra A 1995 1.8 \u2013 m\u00f3j projekt to nie tylko klasyczna Vectra, ale ambitna pr\u00f3ba odtworzenia rajdowej maszyny, kt\u00f3r\u0105 w 1994 roku \u015bciga\u0142 si\u0119 Luis Climent. Chc\u0119 jak najwierniej odda\u0107 ducha tamtej epoki, dbaj\u0105c o detale nadwozia, wn\u0119trza oraz modyfikacje techniczne. Cel projektu \ud83d\ude97 Stworzenie pe\u0142noprawnej repliki rajdowej Vectry A inspirowanej wersj\u0105 Climenta\ud83d\udd27 Modyfikacje &hellip; <\/p>\n<p class=\"link-more\"><a href=\"https:\/\/bkolacz.eu\/?page_id=90\" class=\"more-link\">Read more<span class=\"screen-reader-text\"> &#8222;VECTRA A RALLY&#8221;<\/span><\/a><\/p>\n","protected":false},"author":1,"featured_media":116,"parent":0,"menu_order":0,"comment_status":"closed","ping_status":"closed","template":"","meta":{"inspiro_hide_title":false,"footnotes":""},"class_list":["post-90","page","type-page","status-publish","has-post-thumbnail","hentry"],"jetpack_sharing_enabled":true,"_links":{"self":[{"href":"https:\/\/bkolacz.eu\/index.php?rest_route=\/wp\/v2\/pages\/90","targetHints":{"allow":["GET"]}}],"collection":[{"href":"https:\/\/bkolacz.eu\/index.php?rest_route=\/wp\/v2\/pages"}],"about":[{"href":"https:\/\/bkolacz.eu\/index.php?rest_route=\/wp\/v2\/types\/page"}],"author":[{"embeddable":true,"href":"https:\/\/bkolacz.eu\/index.php?rest_route=\/wp\/v2\/users\/1"}],"replies":[{"embeddable":true,"href":"https:\/\/bkolacz.eu\/index.php?rest_route=%2Fwp%2Fv2%2Fcomments&post=90"}],"version-history":[{"count":3,"href":"https:\/\/bkolacz.eu\/index.php?rest_route=\/wp\/v2\/pages\/90\/revisions"}],"predecessor-version":[{"id":112,"href":"https:\/\/bkolacz.eu\/index.php?rest_route=\/wp\/v2\/pages\/90\/revisions\/112"}],"wp:featuredmedia":[{"embeddable":true,"href":"https:\/\/bkolacz.eu\/index.php?rest_route=\/wp\/v2\/media\/116"}],"wp:attachment":[{"href":"https:\/\/bkolacz.eu\/index.php?rest_route=%2Fwp%2Fv2%2Fmedia&parent=90"}],"curies":[{"name":"wp","href":"https:\/\/api.w.org\/{rel}","templated":true}]}}