{"id":91,"date":"2025-03-18T10:54:20","date_gmt":"2025-03-18T09:54:20","guid":{"rendered":"https:\/\/bkolacz.eu\/?page_id=91"},"modified":"2026-02-24T14:04:58","modified_gmt":"2026-02-24T13:04:58","slug":"cargether","status":"publish","type":"page","link":"https:\/\/bkolacz.eu\/?page_id=91","title":{"rendered":"CARGETHER &#8211; Jedna aplikacja, kt\u00f3ra \u0142\u0105czy wszystkich pasjonat\u00f3w aut"},"content":{"rendered":"\n<p><strong>CARGETHER<\/strong> to aplikacja stworzona dla mi\u0142o\u015bnik\u00f3w motoryzacji \u2013 pasjonat\u00f3w rajd\u00f3w, zlot\u00f3w i unikalnych miejsc zwi\u0105zanych z samochodami. Jej celem jest u\u0142atwienie znalezienia ciekawych wydarze\u0144, dzielenie si\u0119 do\u015bwiadczeniami i budowanie spo\u0142eczno\u015bci ludzi, kt\u00f3rych \u0142\u0105czy ta sama pasja.<\/p>\n\n\n\n<h3 class=\"wp-block-heading\"><strong>Co oferuje CARGETHER?<\/strong><\/h3>\n\n\n\n<p>\ud83d\udccd <strong>Mapa wydarze\u0144<\/strong> \u2013 znajd\u017a rajdy, zloty i eventy w Twojej okolicy<br>\ud83d\udcac <strong>Spo\u0142eczno\u015b\u0107 pasjonat\u00f3w<\/strong> \u2013 wymieniaj si\u0119 do\u015bwiadczeniami i odkrywaj nowe miejsca<br>\ud83c\udfc1 <strong>Twoje ulubione miejsca<\/strong> \u2013 dodawaj i oceniaj lokalizacje motoryzacyjne<\/p>\n\n\n\n<p>Niezale\u017cnie od tego, czy jeste\u015b kierowc\u0105, widzem, czy organizatorem \u2013 <strong>CARGETHER<\/strong> u\u0142atwia dost\u0119p do \u015bwiata motoryzacji. Do\u0142\u0105cz i b\u0105d\u017a cz\u0119\u015bci\u0105 tej wyj\u0105tkowej spo\u0142eczno\u015bci! \ud83d\ude80\ud83d\udd25<\/p>\n\n\n\n<div class=\"wp-block-buttons is-content-justification-center is-layout-flex wp-container-core-buttons-is-layout-a89b3969 wp-block-buttons-is-layout-flex\">\n<div class=\"wp-block-button\"><a class=\"wp-block-button__link wp-element-button\" href=\"https:\/\/bkolacz.eu\/?page_id=129\"><strong>ENGLISH<\/strong><\/a><\/div>\n\n\n\n<div class=\"wp-block-button\"><a class=\"wp-block-button__link wp-element-button\" href=\"https:\/\/bkolacz.eu\/?page_id=144\"><strong>DEUTSCH<\/strong><\/a><\/div>\n\n\n\n<div class=\"wp-block-button\"><a class=\"wp-block-button__link wp-element-button\" href=\"https:\/\/bkolacz.eu\/?page_id=150\"><strong>\u010cE\u0160TIN\u011a<\/strong><\/a><\/div>\n<\/div>\n\n\n\n<div style=\"height:30px\" aria-hidden=\"true\" class=\"wp-block-spacer\"><\/div>\n\n\n\n<div class=\"wp-block-buttons is-content-justification-center is-layout-flex wp-container-core-buttons-is-layout-a89b3969 wp-block-buttons-is-layout-flex\">\n<div class=\"wp-block-button\"><a class=\"wp-block-button__link wp-element-button\" href=\"https:\/\/apple.co\/3GKNUZI\" target=\"_blank\" rel=\"noreferrer noopener\">POBIERZ NA iOS<\/a><\/div>\n\n\n\n<div class=\"wp-block-button\"><a class=\"wp-block-button__link wp-element-button\" href=\"http:\/\/cargether.com\" target=\"_blank\" rel=\"noreferrer noopener\">CARGETHER WEB<\/a><\/div>\n\n\n\n<div class=\"wp-block-button\"><a class=\"wp-block-button__link wp-element-button\" href=\"https:\/\/bit.ly\/435uFS3\" target=\"_blank\" rel=\"noreferrer noopener\">POBIERZ NA ANDROID<\/a><\/div>\n<\/div>\n\n\n\n<div style=\"height:40px\" aria-hidden=\"true\" class=\"wp-block-spacer\"><\/div>\n\n\n\n<figure class=\"wp-block-gallery has-nested-images columns-default is-cropped wp-block-gallery-1 is-layout-flex wp-block-gallery-is-layout-flex\">\n<figure class=\"wp-block-image size-large\"><img loading=\"lazy\" decoding=\"async\" width=\"1024\" height=\"768\" data-id=\"102\" src=\"https:\/\/bkolacz.eu\/wp-content\/uploads\/2025\/03\/POST4-1024x768.png\" alt=\"\" class=\"wp-image-102\" srcset=\"https:\/\/bkolacz.eu\/wp-content\/uploads\/2025\/03\/POST4-1024x768.png 1024w, https:\/\/bkolacz.eu\/wp-content\/uploads\/2025\/03\/POST4-300x225.png 300w, https:\/\/bkolacz.eu\/wp-content\/uploads\/2025\/03\/POST4-2000x1500.png 2000w\" sizes=\"auto, (max-width: 1024px) 100vw, 1024px\" \/><\/figure>\n\n\n\n<figure class=\"wp-block-image size-large\"><img loading=\"lazy\" decoding=\"async\" width=\"1024\" height=\"768\" data-id=\"103\" src=\"https:\/\/bkolacz.eu\/wp-content\/uploads\/2025\/03\/POST5-1024x768.png\" alt=\"\" class=\"wp-image-103\" srcset=\"https:\/\/bkolacz.eu\/wp-content\/uploads\/2025\/03\/POST5-1024x768.png 1024w, https:\/\/bkolacz.eu\/wp-content\/uploads\/2025\/03\/POST5-300x225.png 300w, https:\/\/bkolacz.eu\/wp-content\/uploads\/2025\/03\/POST5-2000x1500.png 2000w\" sizes=\"auto, (max-width: 1024px) 100vw, 1024px\" \/><\/figure>\n\n\n\n<figure class=\"wp-block-image size-large\"><img loading=\"lazy\" decoding=\"async\" width=\"1024\" height=\"768\" data-id=\"101\" src=\"https:\/\/bkolacz.eu\/wp-content\/uploads\/2025\/03\/POST6-1024x768.png\" alt=\"\" class=\"wp-image-101\" srcset=\"https:\/\/bkolacz.eu\/wp-content\/uploads\/2025\/03\/POST6-1024x768.png 1024w, https:\/\/bkolacz.eu\/wp-content\/uploads\/2025\/03\/POST6-300x225.png 300w, https:\/\/bkolacz.eu\/wp-content\/uploads\/2025\/03\/POST6-2000x1500.png 2000w\" sizes=\"auto, (max-width: 1024px) 100vw, 1024px\" \/><\/figure>\n<\/figure>\n\n\n\n<div style=\"height:132px\" aria-hidden=\"true\" class=\"wp-block-spacer\"><\/div>\n","protected":false},"excerpt":{"rendered":"<p>CARGETHER to aplikacja stworzona dla mi\u0142o\u015bnik\u00f3w motoryzacji \u2013 pasjonat\u00f3w rajd\u00f3w, zlot\u00f3w i unikalnych miejsc zwi\u0105zanych z samochodami. Jej celem jest u\u0142atwienie znalezienia ciekawych wydarze\u0144, dzielenie si\u0119 do\u015bwiadczeniami i budowanie spo\u0142eczno\u015bci ludzi, kt\u00f3rych \u0142\u0105czy ta sama pasja. Co oferuje CARGETHER? \ud83d\udccd Mapa wydarze\u0144 \u2013 znajd\u017a rajdy, zloty i eventy w Twojej okolicy\ud83d\udcac Spo\u0142eczno\u015b\u0107 pasjonat\u00f3w \u2013 wymieniaj &hellip; <\/p>\n<p class=\"link-more\"><a href=\"https:\/\/bkolacz.eu\/?page_id=91\" class=\"more-link\">Read more<span class=\"screen-reader-text\"> &#8222;CARGETHER &#8211; Jedna aplikacja, kt\u00f3ra \u0142\u0105czy wszystkich pasjonat\u00f3w aut&#8221;<\/span><\/a><\/p>\n","protected":false},"author":1,"featured_media":72,"parent":0,"menu_order":0,"comment_status":"closed","ping_status":"closed","template":"","meta":{"inspiro_hide_title":false,"footnotes":""},"class_list":["post-91","page","type-page","status-publish","has-post-thumbnail","hentry"],"jetpack_sharing_enabled":true,"_links":{"self":[{"href":"https:\/\/bkolacz.eu\/index.php?rest_route=\/wp\/v2\/pages\/91","targetHints":{"allow":["GET"]}}],"collection":[{"href":"https:\/\/bkolacz.eu\/index.php?rest_route=\/wp\/v2\/pages"}],"about":[{"href":"https:\/\/bkolacz.eu\/index.php?rest_route=\/wp\/v2\/types\/page"}],"author":[{"embeddable":true,"href":"https:\/\/bkolacz.eu\/index.php?rest_route=\/wp\/v2\/users\/1"}],"replies":[{"embeddable":true,"href":"https:\/\/bkolacz.eu\/index.php?rest_route=%2Fwp%2Fv2%2Fcomments&post=91"}],"version-history":[{"count":13,"href":"https:\/\/bkolacz.eu\/index.php?rest_route=\/wp\/v2\/pages\/91\/revisions"}],"predecessor-version":[{"id":410,"href":"https:\/\/bkolacz.eu\/index.php?rest_route=\/wp\/v2\/pages\/91\/revisions\/410"}],"wp:featuredmedia":[{"embeddable":true,"href":"https:\/\/bkolacz.eu\/index.php?rest_route=\/wp\/v2\/media\/72"}],"wp:attachment":[{"href":"https:\/\/bkolacz.eu\/index.php?rest_route=%2Fwp%2Fv2%2Fmedia&parent=91"}],"curies":[{"name":"wp","href":"https:\/\/api.w.org\/{rel}","templated":true}]}}